{"id":21620,"date":"2021-06-01T05:53:19","date_gmt":"2021-06-01T08:53:19","guid":{"rendered":"https:\/\/guiaaluminio.top\/?page_id=21620"},"modified":"2025-12-30T07:10:42","modified_gmt":"2025-12-30T10:10:42","slug":"anuncie","status":"publish","type":"page","link":"https:\/\/guiaregionaltop.com.br\/sp\/cesario-lange\/anuncie\/","title":{"rendered":"Anuncie"},"content":{"rendered":"\t\t<div data-elementor-type=\"wp-page\" data-elementor-id=\"21620\" class=\"elementor elementor-21620\" data-elementor-post-type=\"page\">\n\t\t\t\t\t\t<section class=\"elementor-section elementor-top-section elementor-element elementor-element-2baa3d9 elementor-section-boxed elementor-section-height-default elementor-section-height-default\" data-id=\"2baa3d9\" data-element_type=\"section\" data-e-type=\"section\" data-settings=\"{&quot;background_background&quot;:&quot;classic&quot;,&quot;ekit_has_onepagescroll_dot&quot;:&quot;yes&quot;}\">\n\t\t\t\t\t\t<div class=\"elementor-container elementor-column-gap-default\">\n\t\t\t\t\t<div class=\"elementor-column elementor-col-100 elementor-top-column elementor-element elementor-element-e40086d\" data-id=\"e40086d\" data-element_type=\"column\" data-e-type=\"column\">\n\t\t\t<div class=\"elementor-widget-wrap elementor-element-populated\">\n\t\t\t\t\t\t<div class=\"elementor-element elementor-element-d336aeb elementor-widget elementor-widget-heading\" data-id=\"d336aeb\" data-element_type=\"widget\" data-e-type=\"widget\" data-settings=\"{&quot;ekit_we_effect_on&quot;:&quot;none&quot;}\" data-widget_type=\"heading.default\">\n\t\t\t\t<div class=\"elementor-widget-container\">\n\t\t\t\t\t<h2 class=\"elementor-heading-title elementor-size-default\">Anuncie<\/h2>\t\t\t\t<\/div>\n\t\t\t\t<\/div>\n\t\t\t\t\t<\/div>\n\t\t<\/div>\n\t\t\t\t\t<\/div>\n\t\t<\/section>\n\t\t\t\t<section class=\"elementor-section elementor-top-section elementor-element elementor-element-6003f01 elementor-section-boxed elementor-section-height-default elementor-section-height-default\" data-id=\"6003f01\" data-element_type=\"section\" data-e-type=\"section\" data-settings=\"{&quot;background_background&quot;:&quot;classic&quot;,&quot;ekit_has_onepagescroll_dot&quot;:&quot;yes&quot;}\">\n\t\t\t\t\t\t<div class=\"elementor-container elementor-column-gap-default\">\n\t\t\t\t\t<div class=\"elementor-column elementor-col-100 elementor-top-column elementor-element elementor-element-a37d710\" data-id=\"a37d710\" data-element_type=\"column\" data-e-type=\"column\">\n\t\t\t<div class=\"elementor-widget-wrap elementor-element-populated\">\n\t\t\t\t\t\t<div class=\"elementor-element elementor-element-67e0db4 elementor-widget elementor-widget-heading\" data-id=\"67e0db4\" data-element_type=\"widget\" data-e-type=\"widget\" data-settings=\"{&quot;ekit_we_effect_on&quot;:&quot;none&quot;}\" data-widget_type=\"heading.default\">\n\t\t\t\t<div class=\"elementor-widget-container\">\n\t\t\t\t\t<h2 class=\"elementor-heading-title elementor-size-default\">Ol\u00e1! Estamos felizes pelo seu interesse em participar do nosso guia! <\/h2>\t\t\t\t<\/div>\n\t\t\t\t<\/div>\n\t\t\t\t\t<\/div>\n\t\t<\/div>\n\t\t\t\t\t<\/div>\n\t\t<\/section>\n\t\t\t\t<section class=\"elementor-section elementor-top-section elementor-element elementor-element-32c815d elementor-section-boxed elementor-section-height-default elementor-section-height-default\" data-id=\"32c815d\" data-element_type=\"section\" data-e-type=\"section\" data-settings=\"{&quot;background_background&quot;:&quot;classic&quot;,&quot;ekit_has_onepagescroll_dot&quot;:&quot;yes&quot;}\">\n\t\t\t\t\t\t<div class=\"elementor-container elementor-column-gap-default\">\n\t\t\t\t\t<div class=\"elementor-column elementor-col-100 elementor-top-column elementor-element elementor-element-45c77d5\" data-id=\"45c77d5\" data-element_type=\"column\" data-e-type=\"column\">\n\t\t\t<div class=\"elementor-widget-wrap elementor-element-populated\">\n\t\t\t\t\t\t<div class=\"elementor-element elementor-element-a1607da elementor-widget elementor-widget-text-editor\" data-id=\"a1607da\" data-element_type=\"widget\" data-e-type=\"widget\" data-settings=\"{&quot;ekit_we_effect_on&quot;:&quot;none&quot;}\" data-widget_type=\"text-editor.default\">\n\t\t\t\t<div class=\"elementor-widget-container\">\n\t\t\t\t\t\t\t\t\t<p><span style=\"color: #ffffff;\">No nosso guia comercial online voc\u00ea ser\u00e1 visto por centenas de pessoas diariamente,\u00a0que est\u00e3o em busca dos produtos ou servi\u00e7os oferecido por voc\u00ea.<\/span><\/p><p><span style=\"color: #ffffff;\">N\u00e3o perca tempo e tenha seu an\u00fancio completo.<\/span><\/p><p><span style=\"color: #ffffff;\">O seu an\u00fancio poder\u00e1 ter:<\/span><\/p><p><span style=\"color: #ffffff;\">\u2022 Nome do com\u00e9rcio ou servi\u00e7o<\/span><br \/><span style=\"color: #ffffff;\">\u2022 Logotipo<\/span><br \/><span style=\"color: #ffffff;\">\u2022 At\u00e9 4 WhatsApp<\/span><br \/><span style=\"color: #ffffff;\">\u2022 At\u00e9 4 telefones<\/span><br \/><span style=\"color: #ffffff;\">\u2022 Seu E-mail<\/span><br \/><span style=\"color: #ffffff;\">\u2022 Redes sociais<\/span><br \/><span style=\"color: #ffffff;\">\u2022 Descri\u00e7\u00e3o detalhada<\/span><br \/><span style=\"color: #ffffff;\">\u2022 Endere\u00e7o comercial<\/span><br \/><span style=\"color: #ffffff;\">\u2022 Hor\u00e1rios de atendimento<\/span><br \/><span style=\"color: #ffffff;\">\u2022 Formas de pagamento: Dinheiro, PIX, D\u00e9bito e Cr\u00e9dito<\/span><br \/><span style=\"color: #ffffff;\">\u2022 Link para seu site (se tiver)<\/span><br \/><span style=\"color: #ffffff;\">\u2022 Mapa da sua localiza\u00e7\u00e3o<\/span><br \/><span style=\"color: #ffffff;\">\u2022 At\u00e9 3 v\u00eddeos<\/span><br \/><span style=\"color: #ffffff;\">\u2022 At\u00e9 10 fotos<\/span><\/p><p><span style=\"color: #ffffff;\">Per\u00edodo de 1 ano<\/span><\/p><p><span style=\"color: #ffffff;\">Entre em contato com a nossa equipe pelo WhatsApp do bot\u00e3o abaixo e solicite informa\u00e7\u00f5es de como participar.<\/span><\/p>\t\t\t\t\t\t\t\t<\/div>\n\t\t\t\t<\/div>\n\t\t\t\t\t<\/div>\n\t\t<\/div>\n\t\t\t\t\t<\/div>\n\t\t<\/section>\n\t\t\t\t<section class=\"elementor-section elementor-top-section elementor-element elementor-element-5506047 elementor-section-full_width elementor-section-height-default elementor-section-height-default\" data-id=\"5506047\" data-element_type=\"section\" data-e-type=\"section\" data-settings=\"{&quot;background_background&quot;:&quot;classic&quot;,&quot;ekit_has_onepagescroll_dot&quot;:&quot;yes&quot;}\">\n\t\t\t\t\t\t<div class=\"elementor-container elementor-column-gap-default\">\n\t\t\t\t\t<div class=\"elementor-column elementor-col-100 elementor-top-column elementor-element elementor-element-63860d2\" data-id=\"63860d2\" data-element_type=\"column\" data-e-type=\"column\" data-settings=\"{&quot;background_background&quot;:&quot;classic&quot;}\">\n\t\t\t<div class=\"elementor-widget-wrap elementor-element-populated\">\n\t\t\t\t\t\t<div class=\"elementor-element elementor-element-554a8a4 elementor-align-center elementor-mobile-align-center elementor-widget elementor-widget-button\" data-id=\"554a8a4\" data-element_type=\"widget\" data-e-type=\"widget\" data-settings=\"{&quot;ekit_we_effect_on&quot;:&quot;none&quot;}\" data-widget_type=\"button.default\">\n\t\t\t\t<div class=\"elementor-widget-container\">\n\t\t\t\t\t\t\t\t\t<div class=\"elementor-button-wrapper\">\n\t\t\t\t\t<a class=\"elementor-button elementor-button-link elementor-size-sm\" href=\"https:\/\/api.whatsapp.com\/send?phone=08000707000&#038;text=%20Ol\u00e1!%20Venho%20atrav\u00e9s%20do%20site%20Guia%20Ces\u00e1rio%20Lange%20Top%20e%20gostaria%20de%20mais%20informa\u00e7\u00f5es.\" target=\"_blank\">\n\t\t\t\t\t\t<span class=\"elementor-button-content-wrapper\">\n\t\t\t\t\t\t<span class=\"elementor-button-icon\">\n\t\t\t\t<i aria-hidden=\"true\" class=\"fab fa-whatsapp\"><\/i>\t\t\t<\/span>\n\t\t\t\t\t\t\t\t\t<span class=\"elementor-button-text\">0800 070 7000<\/span>\n\t\t\t\t\t<\/span>\n\t\t\t\t\t<\/a>\n\t\t\t\t<\/div>\n\t\t\t\t\t\t\t\t<\/div>\n\t\t\t\t<\/div>\n\t\t\t\t\t<\/div>\n\t\t<\/div>\n\t\t\t\t\t<\/div>\n\t\t<\/section>\n\t\t\t\t<\/div>\n\t\t","protected":false},"excerpt":{"rendered":"<p>Anuncie Ol\u00e1! Estamos felizes pelo seu interesse em participar do nosso guia! No nosso guia comercial online voc\u00ea ser\u00e1 visto por centenas de pessoas diariamente,\u00a0que est\u00e3o em busca dos produtos ou servi\u00e7os oferecido por voc\u00ea. N\u00e3o perca tempo e tenha seu an\u00fancio completo. O seu an\u00fancio poder\u00e1 ter: \u2022 Nome do com\u00e9rcio ou servi\u00e7o\u2022 Logotipo\u2022 [&hellip;]<\/p>\n","protected":false},"author":2,"featured_media":47424,"parent":0,"menu_order":0,"comment_status":"closed","ping_status":"closed","template":"","meta":{"_seopress_robots_primary_cat":"","_seopress_titles_title":"Guia Ces\u00e1rio Lange Top | Anuncie","_seopress_titles_desc":"N\u00e3o perca tempo e tenha seu an\u00fancio completo.","_seopress_robots_index":"","footnotes":""},"class_list":["post-21620","page","type-page","status-publish","has-post-thumbnail","hentry"],"_links":{"self":[{"href":"https:\/\/guiaregionaltop.com.br\/sp\/cesario-lange\/wp-json\/wp\/v2\/pages\/21620","targetHints":{"allow":["GET"]}}],"collection":[{"href":"https:\/\/guiaregionaltop.com.br\/sp\/cesario-lange\/wp-json\/wp\/v2\/pages"}],"about":[{"href":"https:\/\/guiaregionaltop.com.br\/sp\/cesario-lange\/wp-json\/wp\/v2\/types\/page"}],"author":[{"embeddable":true,"href":"https:\/\/guiaregionaltop.com.br\/sp\/cesario-lange\/wp-json\/wp\/v2\/users\/2"}],"replies":[{"embeddable":true,"href":"https:\/\/guiaregionaltop.com.br\/sp\/cesario-lange\/wp-json\/wp\/v2\/comments?post=21620"}],"version-history":[{"count":8,"href":"https:\/\/guiaregionaltop.com.br\/sp\/cesario-lange\/wp-json\/wp\/v2\/pages\/21620\/revisions"}],"predecessor-version":[{"id":47382,"href":"https:\/\/guiaregionaltop.com.br\/sp\/cesario-lange\/wp-json\/wp\/v2\/pages\/21620\/revisions\/47382"}],"wp:featuredmedia":[{"embeddable":true,"href":"https:\/\/guiaregionaltop.com.br\/sp\/cesario-lange\/wp-json\/wp\/v2\/media\/47424"}],"wp:attachment":[{"href":"https:\/\/guiaregionaltop.com.br\/sp\/cesario-lange\/wp-json\/wp\/v2\/media?parent=21620"}],"curies":[{"name":"wp","href":"https:\/\/api.w.org\/{rel}","templated":true}]}}