{"id":32705,"date":"2023-02-28T11:51:38","date_gmt":"2023-02-28T14:51:38","guid":{"rendered":"https:\/\/guiaporangabatop.site\/?page_id=32705"},"modified":"2026-01-21T21:15:55","modified_gmt":"2026-01-22T00:15:55","slug":"politicas-de-privacidade","status":"publish","type":"page","link":"https:\/\/guiaregionaltop.com.br\/sp\/politicas-de-privacidade\/","title":{"rendered":"Pol\u00edticas de Privacidade"},"content":{"rendered":"\t\t<div data-elementor-type=\"wp-page\" data-elementor-id=\"32705\" class=\"elementor elementor-32705\" data-elementor-post-type=\"page\">\n\t\t\t\t\t\t<section class=\"elementor-section elementor-top-section elementor-element elementor-element-d97f59d elementor-section-boxed elementor-section-height-default elementor-section-height-default\" data-id=\"d97f59d\" data-element_type=\"section\" data-e-type=\"section\" data-settings=\"{&quot;background_background&quot;:&quot;classic&quot;,&quot;ekit_has_onepagescroll_dot&quot;:&quot;yes&quot;}\">\n\t\t\t\t\t\t<div class=\"elementor-container elementor-column-gap-default\">\n\t\t\t\t\t<div class=\"elementor-column elementor-col-100 elementor-top-column elementor-element elementor-element-23efb3f\" data-id=\"23efb3f\" data-element_type=\"column\" data-e-type=\"column\">\n\t\t\t<div class=\"elementor-widget-wrap elementor-element-populated\">\n\t\t\t\t\t\t<div class=\"elementor-element elementor-element-7ba1cbb elementor-widget elementor-widget-heading\" data-id=\"7ba1cbb\" data-element_type=\"widget\" data-e-type=\"widget\" data-settings=\"{&quot;ekit_we_effect_on&quot;:&quot;none&quot;}\" data-widget_type=\"heading.default\">\n\t\t\t\t<div class=\"elementor-widget-container\">\n\t\t\t\t\t<h1 class=\"elementor-heading-title elementor-size-default\">Pol\u00edticas de Privacidade<\/h1>\t\t\t\t<\/div>\n\t\t\t\t<\/div>\n\t\t\t\t<div class=\"elementor-element elementor-element-7de9124 elementor-widget elementor-widget-text-editor\" data-id=\"7de9124\" data-element_type=\"widget\" data-e-type=\"widget\" data-settings=\"{&quot;ekit_we_effect_on&quot;:&quot;none&quot;}\" data-widget_type=\"text-editor.default\">\n\t\t\t\t<div class=\"elementor-widget-container\">\n\t\t\t\t\t\t\t\t\t<p><span style=\"color: #ffffff;\"><strong>1 \u2013 Cookies<\/strong><\/span><\/p><p><span style=\"color: #ffffff;\">O que s\u00e3o cookies?<\/span><\/p><p><span style=\"color: #ffffff;\">Os cookies s\u00e3o pequenos arquivos criados por sites visitados e que s\u00e3o salvos no computador do usu\u00e1rio, por meio do navegador. Esses arquivos cont\u00eam informa\u00e7\u00f5es que servem para identificar o visitante, seja para personalizar a p\u00e1gina de acordo com o perfil ou\u00a0para lhe dar a melhor experi\u00eancia ao usar o nosso site.<\/span><\/p><p><span style=\"color: #ffffff;\">Os cookies cont\u00eam as informa\u00e7\u00f5es abaixo:<\/span><\/p><ul><li><span style=\"color: #ffffff;\">Seu IP<\/span><\/li><li><span style=\"color: #ffffff;\">Informa\u00e7\u00f5es b\u00e1sicas de dom\u00ednio<\/span><\/li><li><span style=\"color: #ffffff;\">Seu provedor de servi\u00e7os de Internet<\/span><\/li><li><span style=\"color: #ffffff;\">A data e hora da sua visita ao nosso site<\/span><\/li><li><span style=\"color: #ffffff;\">A dura\u00e7\u00e3o da sua sess\u00e3o<\/span><\/li><li><span style=\"color: #ffffff;\">As p\u00e1ginas que voc\u00ea acessou no nosso site<\/span><\/li><li><span style=\"color: #ffffff;\">O n\u00famero de vezes que voc\u00ea acessa nosso site em qualquer m\u00eas<\/span><\/li><li><span style=\"color: #ffffff;\">O tamanho do arquivo que voc\u00ea olha no nosso site<\/span><\/li><li><span style=\"color: #ffffff;\">O sistema operacional que seu computador usa<\/span><\/li><\/ul><p><span style=\"color: #ffffff;\">Os cookies <strong>n\u00e3o incluem seus dados pessoais<\/strong>.\u00a0<\/span><\/p><p><span style=\"color: #ffffff;\">Voc\u00ea pode instruir seu navegador a recusar todos os cookies ou indicar quando um cookie est\u00e1 sendo enviado.\u00a0<\/span><\/p><p><span style=\"color: #ffffff;\"><strong>2 \u2013 Responsabilidades pelas informa\u00e7\u00f5es dos an\u00fancios cadastrados<\/strong><\/span><\/p><p><span style=\"color: #ffffff;\">A empresa <b>PUBLICIDADE TOP<\/b>\u00a0oferece apenas o espa\u00e7o em nossos sites de guias comerciais (Guia Regional Top e Guia das Cidades) para que interessados divulguem seus com\u00e9rcios ou servi\u00e7os.\u00a0N\u00e3o temos responsabilidade sobre nenhum produto\/servi\u00e7o anunciado, bem como seus valores, descri\u00e7\u00f5es, documenta\u00e7\u00f5es, garantias e obriga\u00e7\u00f5es tribut\u00e1rias.<\/span><\/p><p><span style=\"color: #ffffff;\">As informa\u00e7\u00f5es dos an\u00fancios e seus conte\u00fados pertencem e s\u00e3o de responsabilidade exclusiva do pr\u00f3prio anunciante.<\/span><\/p><p><span style=\"color: #ffffff;\">Assim, o\u00a0<strong>ANUNCIANTE<\/strong>\u00a0reconhece, aceita e se compromete a utilizar o\u00a0nosso guia comercial de forma a obedecer as leis vigentes no pa\u00eds em rela\u00e7\u00e3o \u00e0 viola\u00e7\u00e3o de direitos humanos, atividades ilegais, propriedade intelectual e industrial e quaisquer atividades que constituam crime ou atentem contra a moral e ordem p\u00fablica.<\/span><\/p><p><span style=\"color: #ffffff;\">A empresa\u00a0<strong>PUBLICIDADE TOP<\/strong>\u00a0reserva-se o direito de alterar, excluir ou bloquear conte\u00fados que n\u00e3o estejam de acordo com as nossas regras de an\u00fancios.<\/span><\/p><p><span style=\"color: #ffffff;\"><strong>3 \u2013 Mudan\u00e7as em nossa pol\u00edtica de privacidade<\/strong><\/span><\/p><p><span style=\"color: #ffffff;\">Nos reservamos o direito de realizar altera\u00e7\u00f5es na nossa pol\u00edtica de privacidade sem aviso pr\u00e9vio, a fim de manter os princ\u00edpios de privacidade e prote\u00e7\u00e3o de dados atualizados e cumprir a legisla\u00e7\u00e3o pertinente. Esta pol\u00edtica foi alterada pela \u00faltima vez em 15 de mar\u00e7o de 2024.<\/span><\/p><p><span style=\"color: #ffffff;\"><strong>4 \u2013 Consentimento<\/strong><\/span><\/p><p><span style=\"color: #ffffff;\">A utiliza\u00e7\u00e3o deste site, bem como a contrata\u00e7\u00e3o dos nossos servi\u00e7os de publicidade online, pressup\u00f5e a aceita\u00e7\u00e3o expressa desta pol\u00edtica.\u00a0<\/span><\/p><p><span style=\"color: #ffff00;\"><strong>Se voc\u00ea n\u00e3o concorda com esta Pol\u00edtica de Privacidade, deixe de usar nossos servi\u00e7os.<\/strong><\/span><\/p>\t\t\t\t\t\t\t\t<\/div>\n\t\t\t\t<\/div>\n\t\t\t\t\t<\/div>\n\t\t<\/div>\n\t\t\t\t\t<\/div>\n\t\t<\/section>\n\t\t\t\t<\/div>\n\t\t","protected":false},"excerpt":{"rendered":"<p>Pol\u00edticas de Privacidade 1 \u2013 Cookies O que s\u00e3o cookies? Os cookies s\u00e3o pequenos arquivos criados por sites visitados e que s\u00e3o salvos no computador do usu\u00e1rio, por meio do navegador. Esses arquivos cont\u00eam informa\u00e7\u00f5es que servem para identificar o visitante, seja para personalizar a p\u00e1gina de acordo com o perfil ou\u00a0para lhe dar a [&hellip;]<\/p>\n","protected":false},"author":2,"featured_media":48536,"parent":0,"menu_order":0,"comment_status":"closed","ping_status":"closed","template":"","meta":{"_seopress_robots_primary_cat":"","_seopress_titles_title":"Guia Regional Top | Pol\u00edticas de Privacidade","_seopress_titles_desc":"O seu guia de com\u00e9rcios e servi\u00e7os. Pr\u00e1tico para quem busca. Excelente para quem vende!!!","_seopress_robots_index":"","footnotes":""},"class_list":["post-32705","page","type-page","status-publish","has-post-thumbnail","hentry"],"_links":{"self":[{"href":"https:\/\/guiaregionaltop.com.br\/sp\/wp-json\/wp\/v2\/pages\/32705","targetHints":{"allow":["GET"]}}],"collection":[{"href":"https:\/\/guiaregionaltop.com.br\/sp\/wp-json\/wp\/v2\/pages"}],"about":[{"href":"https:\/\/guiaregionaltop.com.br\/sp\/wp-json\/wp\/v2\/types\/page"}],"author":[{"embeddable":true,"href":"https:\/\/guiaregionaltop.com.br\/sp\/wp-json\/wp\/v2\/users\/2"}],"replies":[{"embeddable":true,"href":"https:\/\/guiaregionaltop.com.br\/sp\/wp-json\/wp\/v2\/comments?post=32705"}],"version-history":[{"count":1,"href":"https:\/\/guiaregionaltop.com.br\/sp\/wp-json\/wp\/v2\/pages\/32705\/revisions"}],"predecessor-version":[{"id":47893,"href":"https:\/\/guiaregionaltop.com.br\/sp\/wp-json\/wp\/v2\/pages\/32705\/revisions\/47893"}],"wp:featuredmedia":[{"embeddable":true,"href":"https:\/\/guiaregionaltop.com.br\/sp\/wp-json\/wp\/v2\/media\/48536"}],"wp:attachment":[{"href":"https:\/\/guiaregionaltop.com.br\/sp\/wp-json\/wp\/v2\/media?parent=32705"}],"curies":[{"name":"wp","href":"https:\/\/api.w.org\/{rel}","templated":true}]}}